{"id":1143,"date":"2017-11-09T12:43:12","date_gmt":"2017-11-09T12:43:12","guid":{"rendered":"http:\/\/staging.hundspann.com\/?page_id=1143"},"modified":"2017-11-09T13:38:30","modified_gmt":"2017-11-09T13:38:30","slug":"snoskor","status":"publish","type":"page","link":"https:\/\/hundspann.com\/en\/snoskor\/","title":{"rendered":"Snowshoes"},"content":{"rendered":"<div id=\"pl-1143\"  class=\"panel-layout\" >\n<div id=\"pg-1143-0\"  class=\"panel-grid panel-no-style\"  data-style=\"{&quot;background_display&quot;:&quot;tile&quot;,&quot;cell_alignment&quot;:&quot;flex-start&quot;}\" >\n<div id=\"pgc-1143-0-0\"  class=\"panel-grid-cell\"  data-style=\"{&quot;background_display&quot;:&quot;tile&quot;,&quot;vertical_alignment&quot;:&quot;auto&quot;}\"  data-weight=\"0.63731751824818\" >\n<div id=\"panel-1143-0-0-0\" class=\"so-panel widget widget_sow-editor panel-first-child\" data-index=\"0\" data-style=\"{&quot;background_display&quot;:&quot;tile&quot;}\" >\n<div class=\"so-widget-sow-editor so-widget-sow-editor-base\">\n<h3 class=\"widget-title\">Snowshoes<\/h3>\n<div class=\"siteorigin-widget-tinymce textwidget\">\n<p style=\"text-align: center;\"><strong>Renting<\/strong><\/p>\n<p>Are you tired of skiing or want to get out into the mountains in a simple and pleasant way. Rent a pair of snowshoes and feel free to add poles so you are equipped to travel smoothly in the mountains.<\/p>\n<p>We have nice snowshoe trails that start from our camp in Tand\u00e5dalen that you can use. They go north into Transtrandsfj\u00e4llens Nature Reserve and we promise that you will have a nice nature experience.<\/p>\n<\/div>\n<\/div>\n<\/div>\n<div id=\"panel-1143-0-0-1\" class=\"so-panel widget widget_siteorigin-panels-builder panel-last-child\" data-index=\"1\" data-style=\"{&quot;background_image_attachment&quot;:false,&quot;background_display&quot;:&quot;tile&quot;}\" >\n<div id=\"pl-w5a045a56e5104\"  class=\"panel-layout\" >\n<div id=\"pg-w5a045a56e5104-0\"  class=\"panel-grid panel-no-style\"  data-style=\"{&quot;id&quot;:&quot;&quot;,&quot;class&quot;:&quot;&quot;,&quot;cell_class&quot;:&quot;&quot;,&quot;row_css&quot;:&quot;&quot;,&quot;mobile_css&quot;:&quot;&quot;,&quot;bottom_margin&quot;:&quot;&quot;,&quot;gutter&quot;:&quot;&quot;,&quot;padding&quot;:&quot;&quot;,&quot;mobile_padding&quot;:&quot;&quot;,&quot;row_stretch&quot;:&quot;&quot;,&quot;collapse_behaviour&quot;:&quot;&quot;,&quot;collapse_order&quot;:&quot;&quot;,&quot;cell_alignment&quot;:&quot;flex-start&quot;,&quot;background&quot;:&quot;&quot;,&quot;background_image_attachment&quot;:&quot;0&quot;,&quot;background_display&quot;:&quot;tile&quot;,&quot;border_color&quot;:&quot;&quot;}\" >\n<div id=\"pgc-w5a045a56e5104-0-0\"  class=\"panel-grid-cell\"  data-weight=\"0.5\" >\n<div id=\"panel-w5a045a56e5104-0-0-0\" class=\"so-panel widget widget_sow-editor panel-first-child panel-last-child\" data-index=\"0\" data-style=\"{&quot;id&quot;:&quot;&quot;,&quot;class&quot;:&quot;&quot;,&quot;widget_css&quot;:&quot;&quot;,&quot;mobile_css&quot;:&quot;&quot;,&quot;padding&quot;:&quot;&quot;,&quot;mobile_padding&quot;:&quot;&quot;,&quot;background&quot;:&quot;&quot;,&quot;background_image_attachment&quot;:&quot;0&quot;,&quot;background_display&quot;:&quot;tile&quot;,&quot;border_color&quot;:&quot;&quot;,&quot;font_color&quot;:&quot;&quot;,&quot;link_color&quot;:&quot;&quot;}\" >\n<div class=\"so-widget-sow-editor so-widget-sow-editor-base\">\n<h3 class=\"widget-title\">Prices<\/h3>\n<div class=\"siteorigin-widget-tinymce textwidget\">\n<p style=\"text-align: left;\"><strong>Snowshoes<\/strong><\/p>\n<p><em>Per day (09.00-09.00) 230:-<\/em><\/p>\n<p><em>Per week (Mon-Sat) 950:- \u00a0\u00a0\u00a0\u00a0\u00a0<\/em><\/p>\n<p>\u00a0<\/p>\n<p>\u00a0<\/p>\n<\/div>\n<\/div>\n<\/div>\n<\/div>\n<div id=\"pgc-w5a045a56e5104-0-1\"  class=\"panel-grid-cell\"  data-weight=\"0.5\" >\n<div id=\"panel-w5a045a56e5104-0-1-0\" class=\"so-panel widget widget_sow-editor panel-first-child panel-last-child\" data-index=\"1\" data-style=\"{&quot;id&quot;:&quot;&quot;,&quot;class&quot;:&quot;&quot;,&quot;widget_css&quot;:&quot;&quot;,&quot;mobile_css&quot;:&quot;&quot;,&quot;padding&quot;:&quot;&quot;,&quot;mobile_padding&quot;:&quot;&quot;,&quot;background&quot;:&quot;&quot;,&quot;background_image_attachment&quot;:&quot;0&quot;,&quot;background_display&quot;:&quot;tile&quot;,&quot;border_color&quot;:&quot;&quot;,&quot;font_color&quot;:&quot;&quot;,&quot;link_color&quot;:&quot;&quot;}\" >\n<div class=\"so-widget-sow-editor so-widget-sow-editor-base\">\n<h3 class=\"widget-title\">Stavar<\/h3>\n<div class=\"siteorigin-widget-tinymce textwidget\">\n<p><strong>Prices<\/strong><\/p>\n<p><em>Per day 20:-<\/em><\/p>\n<p><em>Per week 100:-<\/em><\/p>\n<\/div>\n<\/div>\n<\/div>\n<\/div>\n<\/div>\n<\/div>\n<\/div>\n<\/div>\n<div id=\"pgc-1143-0-1\"  class=\"panel-grid-cell\"  data-style=\"{&quot;background_display&quot;:&quot;tile&quot;,&quot;vertical_alignment&quot;:&quot;auto&quot;}\"  data-weight=\"0.36268248175182\" >\n<div id=\"panel-1143-0-1-0\" class=\"so-panel widget widget_sow-image panel-first-child\" data-index=\"2\" data-style=\"{&quot;background_display&quot;:&quot;tile&quot;}\" >\n<div class=\"so-widget-sow-image so-widget-sow-image-default-46f30e3d504b\">\n<h3 class=\"widget-title\">Fun on snow<\/h3>\n<div class=\"sow-image-container\">\n\t<img loading=\"lazy\" decoding=\"async\" src=\"https:\/\/media.staging.hundspann.com\/2017\/11\/fries_g_DSC0098-768x509.jpg\" width=\"640\" height=\"424\" srcset=\"https:\/\/media.staging.hundspann.com\/2017\/11\/fries_g_DSC0098-768x509.jpg 768w, https:\/\/media.staging.hundspann.com\/2017\/11\/fries_g_DSC0098-300x199.jpg 300w, https:\/\/media.staging.hundspann.com\/2017\/11\/fries_g_DSC0098-1024x679.jpg 1024w, https:\/\/media.staging.hundspann.com\/2017\/11\/fries_g_DSC0098-50x33.jpg 50w, https:\/\/media.staging.hundspann.com\/2017\/11\/fries_g_DSC0098.jpg 1250w\" sizes=\"auto, (max-width: 640px) 100vw, 640px\" title=\"Fun on snow\" alt=\"Kul p\u00e5 sn\u00f6\" \t\tclass=\"so-widget-image\"\/>\n<\/div>\n<\/div>\n<\/div>\n<div id=\"panel-1143-0-1-1\" class=\"so-panel widget widget_sow-image panel-last-child\" data-index=\"3\" data-style=\"{&quot;background_display&quot;:&quot;tile&quot;}\" >\n<div class=\"so-widget-sow-image so-widget-sow-image-default-813df796d9b1\">\n<div class=\"sow-image-container\">\n\t<img loading=\"lazy\" decoding=\"async\" src=\"https:\/\/media.staging.hundspann.com\/2017\/11\/fries_g_DSC0027.jpg\" width=\"630\" height=\"950\" srcset=\"https:\/\/media.staging.hundspann.com\/2017\/11\/fries_g_DSC0027.jpg 630w, https:\/\/media.staging.hundspann.com\/2017\/11\/fries_g_DSC0027-199x300.jpg 199w, https:\/\/media.staging.hundspann.com\/2017\/11\/fries_g_DSC0027-33x50.jpg 33w\" sizes=\"auto, (max-width: 630px) 100vw, 630px\" title=\"TSL\" \t\tclass=\"so-widget-image\"\/>\n<\/div>\n<\/div>\n<\/div>\n<\/div>\n<\/div>\n<\/div>","protected":false},"excerpt":{"rendered":"<p>Sn\u00f6skor Uthyrning \u00c4r du tr\u00f6tt p\u00e5 skid\u00e5kningen eller vill ta dej ut i fj\u00e4llet p\u00e5 ett enkelt och trevligt s\u00e4tt. Hyr ett par sn\u00f6skor och l\u00e4gg g\u00e4rna till stavar s\u00e5 \u00e4r du utrustad f\u00f6r att kunna f\u00e4rdas p\u00e5 ett smidigt s\u00e4tt p\u00e5 fj\u00e4llet. Vi har fina sn\u00f6skoleder som utg\u00e5r ifr\u00e5n v\u00e5r camp i Tand\u00e5dalen som du kan utnyttja. De g\u00e5r &#8230; <\/p>\n<div><a href=\"https:\/\/hundspann.com\/en\/snoskor\/\" class=\"more-link\">Read More<\/a><\/div>","protected":false},"author":1,"featured_media":0,"parent":0,"menu_order":0,"comment_status":"closed","ping_status":"closed","template":"template-fullwidth-no-title.php","meta":{"footnotes":""},"class_list":["post-1143","page","type-page","status-publish","hentry","no-post-thumbnail"],"jetpack_sharing_enabled":true,"_links":{"self":[{"href":"https:\/\/hundspann.com\/en\/wp-json\/wp\/v2\/pages\/1143","targetHints":{"allow":["GET"]}}],"collection":[{"href":"https:\/\/hundspann.com\/en\/wp-json\/wp\/v2\/pages"}],"about":[{"href":"https:\/\/hundspann.com\/en\/wp-json\/wp\/v2\/types\/page"}],"author":[{"embeddable":true,"href":"https:\/\/hundspann.com\/en\/wp-json\/wp\/v2\/users\/1"}],"replies":[{"embeddable":true,"href":"https:\/\/hundspann.com\/en\/wp-json\/wp\/v2\/comments?post=1143"}],"version-history":[{"count":0,"href":"https:\/\/hundspann.com\/en\/wp-json\/wp\/v2\/pages\/1143\/revisions"}],"wp:attachment":[{"href":"https:\/\/hundspann.com\/en\/wp-json\/wp\/v2\/media?parent=1143"}],"curies":[{"name":"wp","href":"https:\/\/api.w.org\/{rel}","templated":true}]}}