{"id":2447,"date":"2020-06-03T07:26:33","date_gmt":"2020-06-03T07:26:33","guid":{"rendered":"https:\/\/staging.hundspann.com\/?page_id=2447"},"modified":"2020-06-15T09:11:11","modified_gmt":"2020-06-15T09:11:11","slug":"vandringstur-i-salens-naturreservat","status":"publish","type":"page","link":"https:\/\/hundspann.com\/en\/vandringstur-i-salens-naturreservat\/","title":{"rendered":"Hiking in S\u00e4len Nature Reserve"},"content":{"rendered":"<p><img loading=\"lazy\" decoding=\"async\" width=\"500\" height=\"500\" src=\"https:\/\/media.staging.hundspann.com\/2016\/08\/Peakpoints_logo_trans2.png\" alt=\"\" srcset=\"https:\/\/media.staging.hundspann.com\/2016\/08\/Peakpoints_logo_trans2.png 500w, https:\/\/media.staging.hundspann.com\/2016\/08\/Peakpoints_logo_trans2-165x165.png 165w, https:\/\/media.staging.hundspann.com\/2016\/08\/Peakpoints_logo_trans2-150x150.png 150w, https:\/\/media.staging.hundspann.com\/2016\/08\/Peakpoints_logo_trans2-300x300.png 300w, https:\/\/media.staging.hundspann.com\/2016\/08\/Peakpoints_logo_trans2-73x73.png 73w, https:\/\/media.staging.hundspann.com\/2016\/08\/Peakpoints_logo_trans2-174x174.png 174w, https:\/\/media.staging.hundspann.com\/2016\/08\/Peakpoints_logo_trans2-250x250.png 250w, https:\/\/media.staging.hundspann.com\/2016\/08\/Peakpoints_logo_trans2-50x50.png 50w\" sizes=\"auto, (max-width: 500px) 100vw, 500px\" \/>\t\t\t\t\t\t\t\t\t\t\t<\/p>\n<h1>Hiking in S\u00e4lenfj\u00e4llen<\/h1>\n<p>Guided tour in the largest nature reserve in S\u00e4lenfj\u00e4llen. Wonderful mountain nature with mountain forest and beautiful mountain streams. Transtrandsfj\u00e4llens Nature Reserve is a forgotten yet accessible mountain area with magical spruce forest and interesting flora and fauna. Hidden between Flatfj\u00e4llet and L\u00e4gerdalsfj\u00e4llet is Synddalen. A mythical mountain valley that has historically been a shepherd's hut and is known for its rich bear meadows and beautiful mountain slopes. <\/p>\n<p>\t\t\t\t\t\t\t\t\t\t<img decoding=\"async\" src=\"https:\/\/media.staging.hundspann.com\/2020\/04\/G4PqyYXRKq2OKJckbvxg-scaled.jpg\" title=\"%G4PqyYXRKq2O%KJckbvxg\" alt=\"%G4PqyYXRKq2O%KJckbvxg\" \/>\t\t\t\t\t\t\t\t\t\t\t<\/p>\n<h3>Family trip<\/h3>\n<p>A hiking tour for the whole family. We walk an easy trail in the reserve. We will have coffee by a cozy fire.<\/p>\n<p>\t\t\t<a href=\"https:\/\/bookingl.visitnorth.se\/sv\/boka\/?slug=peakpoints&amp;event_uid=68aba14f03537cbb866009a3167b8c55&amp;user_uid=4dcb030aa26125355be50c5969987584&amp;lang=sv\" role=\"button\"><br \/>\n\t\t\t\t\t\tMore info<br \/>\n\t\t\t\t\t<\/a><br \/>\n\t\t\t\t\t\t\t\t\t\t<img loading=\"lazy\" decoding=\"async\" width=\"640\" height=\"853\" src=\"https:\/\/media.staging.hundspann.com\/2020\/04\/IMG_4021-768x1024.jpg\" alt=\"\" srcset=\"https:\/\/media.staging.hundspann.com\/2020\/04\/IMG_4021-768x1024.jpg 768w, https:\/\/media.staging.hundspann.com\/2020\/04\/IMG_4021-225x300.jpg 225w, https:\/\/media.staging.hundspann.com\/2020\/04\/IMG_4021-1152x1536.jpg 1152w, https:\/\/media.staging.hundspann.com\/2020\/04\/IMG_4021-1536x2048.jpg 1536w, https:\/\/media.staging.hundspann.com\/2020\/04\/IMG_4021-38x50.jpg 38w, https:\/\/media.staging.hundspann.com\/2020\/04\/IMG_4021-1600x2133.jpg 1600w, https:\/\/media.staging.hundspann.com\/2020\/04\/IMG_4021-scaled.jpg 1920w\" sizes=\"auto, (max-width: 640px) 100vw, 640px\" \/>\t\t\t\t\t\t\t\t\t\t\t<\/p>\n<h3>Day trip<\/h3>\n<p>Full day experience for the whole family. Hiking in easy terrain with fishing and sausage grilling.<\/p>\n<p>\t\t\t<a href=\"#\" role=\"button\"><br \/>\n\t\t\t\t\t\tmore info<br \/>\n\t\t\t\t\t<\/a><br \/>\n\t\t\t\t\t\t\t\t\t\t<img loading=\"lazy\" decoding=\"async\" width=\"433\" height=\"224\" src=\"https:\/\/media.staging.hundspann.com\/2016\/06\/bkpam295000_19fbf2aea14d420ea2136454a1272e26.png\" alt=\"\" srcset=\"https:\/\/media.staging.hundspann.com\/2016\/06\/bkpam295000_19fbf2aea14d420ea2136454a1272e26.png 433w, https:\/\/media.staging.hundspann.com\/2016\/06\/bkpam295000_19fbf2aea14d420ea2136454a1272e26-300x155.png 300w\" sizes=\"auto, (max-width: 433px) 100vw, 433px\" \/>\t\t\t\t\t\t\t\t\t\t\t<\/p>\n<h3>The reserve<\/h3>\n<p>Read more about Transtrandsfj\u00e4llens Nature Reserve here!<\/p>\n<p>\t\t\t<a href=\"https:\/\/www.lansstyrelsen.se\/dalarna\/besoksmal\/naturreservat\/malung-salen\/norra-transtrandsfjallen.html\" role=\"button\"><br \/>\n\t\t\t\t\t\tmore info<br \/>\n\t\t\t\t\t<\/a><\/p>\n<h1>SUMMER IN THE SEAS<\/h1>\n<p>Our hiking tours start in July and continue into September. See information about times under booking.<\/p>\n<ul>\n<li >\n\t\t\t\t\t\t\t\t\t\tTuesday - Saturday; all summer.\n\t\t\t\t\t\t\t\t\t<\/li>\n<\/ul>\n<ul>\n<li >\n\t\t\t\t\t\t\t\t\t\t+46 070 686 62 13\n\t\t\t\t\t\t\t\t\t<\/li>\n<li >\n\t\t\t\t\t\t\t\t\t\tinfo@staging.hundspann.com\n\t\t\t\t\t\t\t\t\t<\/li>\n<li >\n\t\t\t\t\t\t\t\t\t\tTand\u00e5dalen S\u00e4len\n\t\t\t\t\t\t\t\t\t<\/li>\n<\/ul>\n<p>\t\t\t<iframe frameborder=\"0\" scrolling=\"no\" marginheight=\"0\" marginwidth=\"0\" src=\"https:\/\/maps.google.com\/maps?q=Peakpoints%20Adventure&amp;t=m&amp;z=13&amp;output=embed&amp;iwloc=near\" aria-label=\"Peakpoints Adventure\"><\/iframe><\/p>","protected":false},"excerpt":{"rendered":"<p>Vandring i S\u00e4lenfj\u00e4llen Guidad tur i S\u00e4lenfj\u00e4llens st\u00f6rsta naturreservat. H\u00e4rlig fj\u00e4llnatur med fj\u00e4llskog och vackra fj\u00e4llb\u00e4ckar. Transtrandsfj\u00e4llens Naturreservat \u00e4r ett bortgl\u00f6mt men \u00e4nd\u00e5 tillg\u00e4ngligt fj\u00e4llomr\u00e5de med trolsk granskog och intressant flora och fauna. G\u00f6mt mellan Flatfj\u00e4llet och L\u00e4gerdalsfj\u00e4llet ligger Synddalen. Em mytomspunnen fj\u00e4lldal som historiskt har varit f\u00e4bod och som \u00e4r k\u00e4nd f\u00f6r sina rika bj\u00f6rnmarker och sina vackra fj\u00e4llsluttningar. &#8230; <\/p>\n<div><a href=\"https:\/\/hundspann.com\/en\/vandringstur-i-salens-naturreservat\/\" class=\"more-link\">Read More<\/a><\/div>","protected":false},"author":1,"featured_media":0,"parent":0,"menu_order":0,"comment_status":"closed","ping_status":"closed","template":"template-fullwidth-no-title.php","meta":{"footnotes":""},"class_list":["post-2447","page","type-page","status-publish","hentry","no-post-thumbnail"],"jetpack_sharing_enabled":true,"_links":{"self":[{"href":"https:\/\/hundspann.com\/en\/wp-json\/wp\/v2\/pages\/2447","targetHints":{"allow":["GET"]}}],"collection":[{"href":"https:\/\/hundspann.com\/en\/wp-json\/wp\/v2\/pages"}],"about":[{"href":"https:\/\/hundspann.com\/en\/wp-json\/wp\/v2\/types\/page"}],"author":[{"embeddable":true,"href":"https:\/\/hundspann.com\/en\/wp-json\/wp\/v2\/users\/1"}],"replies":[{"embeddable":true,"href":"https:\/\/hundspann.com\/en\/wp-json\/wp\/v2\/comments?post=2447"}],"version-history":[{"count":0,"href":"https:\/\/hundspann.com\/en\/wp-json\/wp\/v2\/pages\/2447\/revisions"}],"wp:attachment":[{"href":"https:\/\/hundspann.com\/en\/wp-json\/wp\/v2\/media?parent=2447"}],"curies":[{"name":"wp","href":"https:\/\/api.w.org\/{rel}","templated":true}]}}