{"id":3541,"date":"2023-08-08T09:09:22","date_gmt":"2023-08-08T09:09:22","guid":{"rendered":"https:\/\/staging.hundspann.com\/?page_id=3541"},"modified":"2023-10-20T07:42:04","modified_gmt":"2023-10-20T07:42:04","slug":"hundspannsturer","status":"publish","type":"page","link":"https:\/\/hundspann.com\/en\/hundspannsturer\/","title":{"rendered":"Dog sledding trips"},"content":{"rendered":"<div id=\"cs-content\" class=\"cs-content\"><\/div>","protected":false},"excerpt":{"rendered":"<p>Dog sledding tours Our popular toursDog sledding tours in S\u00e4len that suit everyone Join us in S\u00e4len's untouched mountain area, Transtrandsfj\u00e4llens Naturreservat. No scooters or lifts to disturb you, just wilderness and free mountains. Mountain tour with coffeeRead moreLunch tourRead moreWilderness tourRead moreAirport transferRead morePhotos from our toursContact usFollow us into S\u00e4len's pristine mountain area, Transtrandsfj\u00e4llen Nature Reserve. No scooters and lifts to disturb but only wilderness and free ... <\/p>\n<div><a href=\"https:\/\/hundspann.com\/en\/hundspannsturer\/\" class=\"more-link\">Read More<\/a><\/div>","protected":false},"author":1,"featured_media":0,"parent":0,"menu_order":0,"comment_status":"closed","ping_status":"closed","template":"template-blank-4.php","meta":{"footnotes":""},"class_list":["post-3541","page","type-page","status-publish","hentry","no-post-thumbnail"],"jetpack_sharing_enabled":true,"_links":{"self":[{"href":"https:\/\/hundspann.com\/en\/wp-json\/wp\/v2\/pages\/3541","targetHints":{"allow":["GET"]}}],"collection":[{"href":"https:\/\/hundspann.com\/en\/wp-json\/wp\/v2\/pages"}],"about":[{"href":"https:\/\/hundspann.com\/en\/wp-json\/wp\/v2\/types\/page"}],"author":[{"embeddable":true,"href":"https:\/\/hundspann.com\/en\/wp-json\/wp\/v2\/users\/1"}],"replies":[{"embeddable":true,"href":"https:\/\/hundspann.com\/en\/wp-json\/wp\/v2\/comments?post=3541"}],"version-history":[{"count":165,"href":"https:\/\/hundspann.com\/en\/wp-json\/wp\/v2\/pages\/3541\/revisions"}],"predecessor-version":[{"id":4495,"href":"https:\/\/hundspann.com\/en\/wp-json\/wp\/v2\/pages\/3541\/revisions\/4495"}],"wp:attachment":[{"href":"https:\/\/hundspann.com\/en\/wp-json\/wp\/v2\/media?parent=3541"}],"curies":[{"name":"wp","href":"https:\/\/api.w.org\/{rel}","templated":true}]}}