{"id":89,"date":"2016-08-12T15:13:23","date_gmt":"2016-08-12T15:13:23","guid":{"rendered":"http:\/\/staging.hundspann.com\/?page_id=89"},"modified":"2024-02-28T10:47:28","modified_gmt":"2024-02-28T10:47:28","slug":"om-peakpoints","status":"publish","type":"page","link":"https:\/\/hundspann.com\/en\/om-peakpoints\/","title":{"rendered":"About Peakpoints"},"content":{"rendered":"<div id=\"cs-content\" class=\"cs-content\"><div class=\"x-section e89-e1 m2h-0 m2h-1\"><div class=\"x-row x-container max width e89-e2 m2h-6 m2h-7 m2h-8 m2h-9 m2h-a m2h-b m2h-c m2h-d m2h-11 m2h-12\"><div class=\"x-row-inner\"><div class=\"x-col e89-e3 m2h-1k m2h-1l m2h-1m m2h-1n\"><div class=\"x-text x-text-headline e89-e4 m2h-2i m2h-2j m2h-2k m2h-2l m2h-2m m2h-2n pionjarer\"><div class=\"x-text-content\"><div class=\"x-text-content-text\"><h2 class=\"x-text-content-text-primary\">An adventure company with roots in Lapland<\/h2>\n<\/div><\/div><\/div><div class=\"x-row e89-e5 m2h-6 m2h-a m2h-b m2h-c m2h-e m2h-f m2h-g m2h-13 m2h-14\"><div class=\"x-row-inner\"><div class=\"x-col e89-e6 m2h-1k m2h-1l m2h-1m m2h-1n\"><div class=\"x-text x-content e89-e7 m2h-33 m2h-34 m2h-35 m2h-36 m2h-37 m2h-38 ingress\"><p>About Peakpoint Adventures<\/p><\/div><\/div><div class=\"x-col e89-e8 m2h-1k m2h-1l m2h-1n m2h-1o m2h-1p m2h-1q m2h-1r m2h-1s m2h-1t m2h-1u m2h-1v m2h-1w m2h-1x m2h-1y\"><div class=\"x-bg\" aria-hidden=\"true\"><div class=\"x-bg-layer-lower-image\"><\/div><\/div><span class=\"x-image e89-e9 m2h-3i m2h-3j\"><img decoding=\"async\" src=\"https:\/\/hundspann.com\/wp-content\/uploads\/2023\/09\/peakpoint-logga.png\" width=\"380\" height=\"380\" alt=\"Image\" loading=\"lazy\"><\/span><\/div><div class=\"x-col e89-e10 m2h-1k m2h-1l m2h-1m m2h-1o m2h-1p m2h-1q m2h-1r m2h-1s m2h-1t m2h-1z\"><div class=\"x-text x-content e89-e11 m2h-34 m2h-35 m2h-36 m2h-37 m2h-38 m2h-39\"><p>Peakpoints is an adventure company that started in Storuman, Lapland in 1988. Actually started as a sled dog kennel with dog sled competitions as a focus. The competition activities were successful with victories in both the Swedish and Nordic championships. Overall victory in the Swedish Cup in the middle distance and 5 victories in the Vindel\u00e4lvsdraget are also merits we are proud of.<\/p><\/div><\/div><\/div><\/div><\/div><\/div><\/div><div class=\"x-row x-container max width e89-e12 m2h-6 m2h-a m2h-b m2h-c m2h-g m2h-h m2h-i m2h-j m2h-k m2h-13 m2h-15\"><div class=\"x-row-inner\"><div class=\"x-col e89-e13 m2h-1l m2h-1n m2h-1o m2h-1p m2h-1q m2h-1s m2h-1w m2h-1x m2h-1y m2h-20 m2h-21 m2h-22 m2h-23\"><div class=\"x-bg\" aria-hidden=\"true\"><div class=\"x-bg-layer-lower-image\"><\/div><\/div><\/div><div class=\"x-col e89-e14 m2h-1l m2h-1m m2h-1n m2h-1y m2h-21 m2h-24 m2h-25\"><div class=\"x-bg\" aria-hidden=\"true\"><div class=\"x-bg-layer-lower-image\"><\/div><\/div><div class=\"x-div e89-e15 m2h-3m m2h-3n m2h-3o m2h-3p m2h-3q m2h-3r m2h-3s m2h-3t\"><div class=\"x-text x-text-headline e89-e16 m2h-2i m2h-2k m2h-2m m2h-2o m2h-2p m2h-2q\"><div class=\"x-text-content\"><div class=\"x-text-content-text\"><h5 class=\"x-text-content-text-primary\"><strong>Pioneer in dog sled tourism in Sweden<\/strong><\/h5>\n<\/div><\/div><\/div><div class=\"x-text x-content e89-e17 m2h-37 m2h-38 m2h-3a\"><p><em><strong>Peakpoints<\/strong>&nbsp;<\/em>was one of the first companies in Sweden to deal with dog sled tourism, only Jukkasj\u00e4rvi was ahead. Started in Kittelfj\u00e4ll and T\u00e4rnaby and in 1990 the company Peakpoints was started.<\/p><\/div><\/div><\/div><\/div><\/div><div class=\"x-row x-container max width e89-e18 m2h-6 m2h-a m2h-c m2h-e m2h-g m2h-l m2h-m m2h-13 m2h-16\"><div class=\"x-row-inner\"><div class=\"x-col e89-e19 m2h-1k m2h-1l m2h-1n m2h-1o m2h-1p m2h-1q m2h-1s m2h-1w m2h-1x m2h-1y m2h-20 m2h-26 m2h-27\"><div class=\"x-bg\" aria-hidden=\"true\"><div class=\"x-bg-layer-lower-image\"><\/div><\/div><\/div><div class=\"x-col e89-e20 m2h-1k m2h-1l m2h-1m m2h-1n m2h-24\"><div class=\"x-text x-text-headline e89-e21 m2h-2i m2h-2k m2h-2m m2h-2o m2h-2p m2h-2q m2h-2r\"><div class=\"x-text-content\"><div class=\"x-text-content-text\"><h5 class=\"x-text-content-text-primary\"><strong>Stationed in S\u00e4lenfj\u00e4llen<\/strong><\/h5>\n<\/div><\/div><\/div><div class=\"x-text x-content e89-e22 m2h-37 m2h-38 m2h-3a m2h-3b\"><p><em><strong>Peakpoints<\/strong><\/em>&nbsp;are now stationed in S\u00e4lenfj\u00e4llen and have run our business here for many years. The focus of our business is still the dog sledding tours, which are very much appreciated by our guests. We have also developed a bit with some other activities that you can find here on the website.<\/p><\/div><\/div><\/div><\/div><div class=\"x-row x-container max width e89-e23 m2h-6 m2h-9 m2h-a m2h-b m2h-c m2h-d m2h-h m2h-i m2h-j m2h-11 m2h-17\"><div class=\"x-row-inner\"><div class=\"x-col e89-e24 m2h-1k m2h-1l m2h-1m m2h-1n m2h-1o m2h-1p m2h-1q m2h-1r\"><div class=\"x-text x-text-headline e89-e25 m2h-2j m2h-2k m2h-2m m2h-2p m2h-2q m2h-2s pionjarer\"><div class=\"x-text-content\"><div class=\"x-text-content-text\"><h2 class=\"x-text-content-text-primary\"><strong>We love the feeling of teamwork with the dogs<\/strong><\/h2>\n<\/div><\/div><\/div><div class=\"x-row e89-e26 m2h-6 m2h-9 m2h-a m2h-b m2h-c m2h-g m2h-n m2h-o m2h-p m2h-q m2h-13 m2h-18\"><div class=\"x-row-inner\"><div class=\"x-col e89-e27 m2h-1k m2h-1l m2h-1n m2h-1o m2h-1r m2h-1s m2h-1t m2h-1u m2h-1w m2h-1x m2h-1y m2h-28 m2h-29\"><div class=\"x-bg\" aria-hidden=\"true\"><div class=\"x-bg-layer-lower-image\"><\/div><\/div><\/div><div class=\"x-col e89-e28 m2h-1k m2h-1l m2h-1m m2h-1n m2h-24\"><div class=\"x-text x-content e89-e29 m2h-35 m2h-37 m2h-38 m2h-3c\">We still love the excitement and feeling of long races in the mountains, the hardships, the feeling of teamwork with the dogs. Together with the jycks, we believe that the whole team develops by being exposed to tough conditions, bad weather and hard night runs in the mountains. You notice that the dogs gain good self-confidence after a successful competition.<\/div><a class=\"x-anchor x-anchor-button has-graphic e89-e30 m2h-3y m2h-3z\" tabindex=\"0\" href=\"https:\/\/hundspann.com\/en\/hundarna-pa-peakpoints\/\"><div class=\"x-anchor-content\"><span class=\"x-graphic\" aria-hidden=\"true\"><i class=\"x-icon x-graphic-child x-graphic-icon x-graphic-primary\" aria-hidden=\"true\" data-x-icon-o=\"&#xf105;\"><\/i><\/span><div class=\"x-anchor-text\"><span class=\"x-anchor-text-primary\">See our dogs<\/span><\/div><\/div><\/a><\/div><\/div><\/div><\/div><\/div><\/div><div class=\"x-row e89-e31 m2h-6 m2h-c m2h-g m2h-h m2h-j m2h-n m2h-o m2h-r m2h-s m2h-t m2h-13 m2h-19\"><div class=\"x-row-inner\"><div class=\"x-col e89-e32 m2h-1k m2h-1l m2h-1n m2h-1o m2h-1p m2h-1q m2h-1s m2h-1w m2h-1x m2h-1y m2h-20 m2h-22 m2h-2a\"><div class=\"x-bg\" aria-hidden=\"true\"><div class=\"x-bg-layer-lower-image\"><\/div><\/div><\/div><div class=\"x-col e89-e33 m2h-1k m2h-1l m2h-1m m2h-1n m2h-1o m2h-1p m2h-1q m2h-1r m2h-1s m2h-1t m2h-24\"><div class=\"x-text x-text-headline e89-e34 m2h-2i m2h-2k m2h-2m m2h-2o m2h-2p m2h-2q\"><div class=\"x-text-content\"><div class=\"x-text-content-text\"><h5 class=\"x-text-content-text-primary\"><strong>Training all year round<\/strong><\/h5>\n<\/div><\/div><\/div><div class=\"x-text x-content e89-e35 m2h-37 m2h-38 m2h-3a\"><p>The dogs are trained all year round to be in top shape when our guests arrive and when the competition season approaches. During the bare ground period, they cover up to 200 miles on bare ground to strengthen their muscles and feet, and of course maintain their fitness.<\/p><\/div><\/div><\/div><\/div><\/div><div class=\"x-section e89-e36 m2h-0 m2h-2\" id=\"vision\"><div class=\"x-row x-container max width e89-e37 m2h-6 m2h-9 m2h-a m2h-b m2h-c m2h-d m2h-u m2h-11 m2h-1a\"><div class=\"x-row-inner\"><div class=\"x-col e89-e38 m2h-1k m2h-1l m2h-1m m2h-1n m2h-1o m2h-1q m2h-1r m2h-28\"><div class=\"x-row e89-e39 m2h-6 m2h-a m2h-b m2h-c m2h-d m2h-e m2h-n m2h-v m2h-11 m2h-1b\"><div class=\"x-row-inner\"><div class=\"x-col e89-e40 m2h-1k m2h-1l m2h-1m m2h-1n m2h-1o m2h-1p m2h-1q m2h-1r m2h-1s m2h-1t m2h-2b\"><div class=\"x-text x-content e89-e41 m2h-33 m2h-35 m2h-36 m2h-37 m2h-38 m2h-3d ingress\"><p>Genuine adventures<\/p><\/div><\/div><div class=\"x-col e89-e42 m2h-1k m2h-1l m2h-1m m2h-1n m2h-1o m2h-1p m2h-1q m2h-1r m2h-1s m2h-1t m2h-2b\"><div class=\"x-text x-text-headline e89-e43 m2h-2j m2h-2k m2h-2m m2h-2p m2h-2q m2h-2s m2h-2t m2h-2u pionjarer\"><div class=\"x-text-content\"><div class=\"x-text-content-text\"><h2 class=\"x-text-content-text-primary\"><strong>Our vision and core values<\/strong><\/h2>\n<\/div><\/div><\/div><\/div><\/div><\/div><\/div><div class=\"x-col e89-e44 m2h-1k m2h-1l m2h-1m m2h-1n m2h-1o m2h-1q m2h-1r m2h-1s m2h-1t m2h-28\"><div class=\"x-row e89-e45 m2h-6 m2h-9 m2h-a m2h-c m2h-g m2h-n m2h-o m2h-t m2h-w m2h-x m2h-13 m2h-1c\"><div class=\"x-row-inner\"><div class=\"x-col e89-e46 m2h-1k m2h-1l m2h-1n m2h-1o m2h-1q m2h-1r m2h-1s m2h-1t m2h-1w m2h-1x m2h-1y m2h-27 m2h-28 m2h-2c m2h-2d\"><div class=\"x-bg\" aria-hidden=\"true\"><div class=\"x-bg-layer-lower-image\"><\/div><\/div><\/div><div class=\"x-col e89-e47 m2h-1k m2h-1l m2h-1m m2h-1n m2h-24\"><div class=\"x-text x-content e89-e48 m2h-35 m2h-37 m2h-38 m2h-3c\"><p>We are a group of dog lovers who have made it a lifestyle for both us and our dogs. Since 1990, Peakpoints has been around and delivered great dog sledding experiences to 1000s of guests from all over the world. During the year, we have also acquired a genuine knowledge of sled dogs through countless tough competitions in a mountain environment, which is still a passion.<\/p><\/div><\/div><\/div><\/div><div class=\"x-row e89-e49 m2h-6 m2h-a m2h-b m2h-c m2h-d m2h-e m2h-n m2h-11 m2h-1d\"><div class=\"x-row-inner\"><div class=\"x-col e89-e50 m2h-1k m2h-1l m2h-1m m2h-1n m2h-1o m2h-1p m2h-1q m2h-1r m2h-1s m2h-1t\"><div class=\"x-text x-text-headline e89-e51 m2h-2k m2h-2m m2h-2p m2h-2q m2h-2s m2h-2u m2h-2v pionjarer\"><div class=\"x-text-content\"><div class=\"x-text-content-text\"><h2 class=\"x-text-content-text-primary\"><strong>Safety in focus<\/strong><\/h2>\n<\/div><\/div><\/div><\/div><\/div><\/div><div class=\"x-row e89-e52 m2h-6 m2h-9 m2h-a m2h-c m2h-g m2h-m m2h-n m2h-q m2h-w m2h-13 m2h-1e\"><div class=\"x-row-inner\"><div class=\"x-col e89-e53 m2h-1k m2h-1l m2h-1n m2h-1o m2h-1p m2h-1q m2h-1r m2h-1s m2h-1t m2h-1w m2h-1x m2h-1y m2h-27 m2h-2c m2h-2e\"><div class=\"x-bg\" aria-hidden=\"true\"><div class=\"x-bg-layer-lower-image\"><\/div><\/div><\/div><div class=\"x-col e89-e54 m2h-1k m2h-1l m2h-1m m2h-1n m2h-1o m2h-1p m2h-1r m2h-1s m2h-1t m2h-2f\"><div class=\"x-row e89-e55 m2h-6 m2h-a m2h-b m2h-c m2h-d m2h-e m2h-n m2h-11 m2h-1f\"><div class=\"x-row-inner\"><div class=\"x-col e89-e56 m2h-1k m2h-1l m2h-1m m2h-1n\"><div class=\"x-div e89-e57 m2h-3q m2h-3r m2h-3t m2h-3u\"><div class=\"x-text x-text-headline e89-e58 m2h-2j m2h-2k m2h-2m m2h-2n m2h-2p m2h-2w\"><div class=\"x-text-content\"><div class=\"x-text-content-text\"><h5 class=\"x-text-content-text-primary\"><strong>Experience the adventure in a safe way<\/strong><\/h5>\n<\/div><\/div><\/div><div class=\"x-text x-content e89-e59 m2h-35 m2h-37 m2h-38 m2h-3c m2h-3e\"><p>Our guides are professional dog handlers and also work as Mountain Rescuers under the auspices of the Police, which ensures that your adventure will be both exciting and safe.<\/p><\/div><a class=\"x-anchor x-anchor-button has-graphic e89-e60 m2h-3y m2h-3z\" tabindex=\"0\" href=\"https:\/\/fjallraddningen.se\"><div class=\"x-anchor-content\"><span class=\"x-graphic\" aria-hidden=\"true\"><i class=\"x-icon x-graphic-child x-graphic-icon x-graphic-primary\" aria-hidden=\"true\" data-x-icon-o=\"&#xf105;\"><\/i><\/span><div class=\"x-anchor-text\"><span class=\"x-anchor-text-primary\">Read more about mountain rescue<\/span><\/div><\/div><\/a><\/div><\/div><\/div><\/div><\/div><\/div><\/div><div class=\"x-row e89-e61 m2h-6 m2h-9 m2h-c m2h-g m2h-i m2h-j m2h-m m2h-n m2h-o m2h-s m2h-y m2h-13 m2h-1g\"><div class=\"x-row-inner\"><div class=\"x-col e89-e62 m2h-1k m2h-1l m2h-1n m2h-1o m2h-1p m2h-1q m2h-1r m2h-1s m2h-1t m2h-1x m2h-1y m2h-2g\"><div class=\"x-bg\" aria-hidden=\"true\"><div class=\"x-bg-layer-lower-image\"><\/div><\/div><\/div><div class=\"x-col e89-e63 m2h-1k m2h-1l m2h-1m m2h-1n m2h-1o m2h-1p m2h-1s m2h-20 m2h-2f m2h-2h\"><div class=\"x-row e89-e64 m2h-6 m2h-9 m2h-a m2h-b m2h-c m2h-n m2h-u m2h-z m2h-1h\"><div class=\"x-row-inner\"><div class=\"x-col e89-e65 m2h-1k m2h-1l m2h-1m m2h-1n m2h-1o m2h-1p m2h-1q m2h-1s m2h-20 m2h-2h\"><div class=\"x-div e89-e66 m2h-3q m2h-3r m2h-3t m2h-3u m2h-3v\"><div class=\"x-text x-text-headline e89-e67 m2h-2j m2h-2k m2h-2m m2h-2n m2h-2p m2h-2x\"><div class=\"x-text-content\"><div class=\"x-text-content-text\"><h5 class=\"x-text-content-text-primary\"><strong>Off the slopes<\/strong><\/h5>\n<\/div><\/div><\/div><div class=\"x-text x-content e89-e68 m2h-35 m2h-37 m2h-38 m2h-3c m2h-3e\"><p>Join us into the untouched parts of S\u00e4lenfj\u00e4llen and Dalafj\u00e4llen - to places you would never find otherwise. Norra S\u00e4lenfj\u00e4llen is a paradise if you want to experience genuine wilderness and genuine silence. Our guides are professional dog handlers and guarantee you a safe and pleasant experience.<\/p><\/div><a class=\"x-anchor x-anchor-button has-graphic e89-e69 m2h-3y m2h-3z\" tabindex=\"0\" href=\"https:\/\/hundspann.com\/en\/hundspannsturer\/\"><div class=\"x-anchor-content\"><span class=\"x-graphic\" aria-hidden=\"true\"><i class=\"x-icon x-graphic-child x-graphic-icon x-graphic-primary\" aria-hidden=\"true\" data-x-icon-o=\"&#xf105;\"><\/i><\/span><div class=\"x-anchor-text\"><span class=\"x-anchor-text-primary\">Discover our tours<\/span><\/div><\/div><\/a><\/div><\/div><\/div><\/div><\/div><\/div><\/div><\/div><\/div><\/div><div class=\"x-row x-container max width e89-e70 m2h-6 m2h-9 m2h-a m2h-b m2h-c m2h-d m2h-h m2h-i m2h-j m2h-11 m2h-1i\"><div class=\"x-row-inner\"><div class=\"x-col e89-e71 m2h-1k m2h-1l m2h-1m m2h-1n\"><div class=\"x-text x-text-headline e89-e72 m2h-2i m2h-2j m2h-2k m2h-2m m2h-2n m2h-2t m2h-2y\"><div class=\"x-text-content\"><div class=\"x-text-content-text\"><h2 class=\"x-text-content-text-primary\">Who are we<\/h2>\n<\/div><\/div><\/div><div class=\"x-text x-content e89-e73 m2h-37 m2h-3a m2h-3f m2h-3g\"><p>Here you can see who the Peakpoints are, these are the people you meet when you come to us!<\/p><\/div><div class=\"x-row e89-e74 m2h-6 m2h-7 m2h-9 m2h-a m2h-b m2h-g m2h-10 m2h-13 m2h-1j\"><div class=\"x-row-inner\"><div class=\"x-col e89-e75 m2h-1k m2h-1l m2h-1m m2h-1n\"><a class=\"x-image e89-e76 m2h-3i m2h-3k m2h-3 m2h-4\" data-x-effect=\"{&quot;durationBase&quot;:&quot;300ms&quot;}\" href=\"#open-modal1\"><img decoding=\"async\" src=\"https:\/\/hundspann.com\/wp-content\/uploads\/2023\/10\/256123808_754300702633766_1690095326497106031_n.jpg\" width=\"1284\" height=\"1444\" alt=\"Image\" loading=\"lazy\"><\/a><div class=\"x-div e89-e77 m2h-3m m2h-3p m2h-3q m2h-3r m2h-3u m2h-3w\"><div class=\"x-div e89-e78 m2h-3m m2h-3n m2h-3o m2h-3p m2h-3q m2h-3r m2h-3t m2h-3u\"><div class=\"x-text x-content e89-e79 m2h-37 m2h-3a m2h-3g small-text\">Main guide<\/div><div class=\"x-text x-text-headline e89-e80 m2h-2k m2h-2m m2h-2q m2h-2z\"><div class=\"x-text-content\"><div class=\"x-text-content-text\"><h6 class=\"x-text-content-text-primary\">Peter Karlsson<\/h6>\n<\/div><\/div><\/div><\/div><div class=\"x-anchor x-anchor-toggle has-graphic e89-e81 m2h-3z m2h-40\" tabindex=\"0\" role=\"button\" data-x-toggle=\"1\" data-x-toggleable=\"e89-e81\" data-x-toggle-hash=\"open-modal1\" data-x-toggle-overlay=\"1\" aria-controls=\"e89-e81-off-canvas\" aria-expanded=\"false\" aria-haspopup=\"true\" aria-label=\"Toggle Off Canvas Content\"><div class=\"x-anchor-content\"><span class=\"x-graphic\" aria-hidden=\"true\"><i class=\"x-icon x-graphic-child x-graphic-icon x-graphic-primary\" aria-hidden=\"true\" data-x-icon-o=\"&#x2b;\"><\/i><\/span><\/div><\/div><\/div><\/div><div class=\"x-col e89-e86 m2h-1k m2h-1l m2h-1m m2h-1n m2h-1y m2h-25\"><div class=\"x-bg\" aria-hidden=\"true\"><div class=\"x-bg-layer-lower-image\"><\/div><\/div><a class=\"x-image e89-e87 m2h-3i m2h-3k m2h-3l m2h-3 m2h-5\" data-x-effect=\"{&quot;durationBase&quot;:&quot;300ms&quot;}\" href=\"#open-modal2\"><img decoding=\"async\" src=\"https:\/\/hundspann.com\/wp-content\/uploads\/2024\/02\/426886691_1528995244607142_7762005140237337917_n.jpg\" width=\"155\" height=\"206\" alt=\"Image\" loading=\"lazy\"><\/a><div class=\"x-div e89-e88 m2h-3m m2h-3p m2h-3q m2h-3r m2h-3u m2h-3w\"><div class=\"x-div e89-e89 m2h-3m m2h-3n m2h-3o m2h-3p m2h-3q m2h-3r m2h-3t m2h-3u\"><div class=\"x-text x-content e89-e90 m2h-37 m2h-3a m2h-3g small-text\">Main guide<\/div><div class=\"x-text x-text-headline e89-e91 m2h-2k m2h-2m m2h-2q m2h-2z\"><div class=\"x-text-content\"><div class=\"x-text-content-text\"><h6 class=\"x-text-content-text-primary\">Sara Lind<\/h6>\n<\/div><\/div><\/div><\/div><div class=\"x-anchor x-anchor-toggle has-graphic e89-e92 m2h-3z m2h-40\" tabindex=\"0\" role=\"button\" data-x-toggle=\"1\" data-x-toggleable=\"e89-e92\" data-x-toggle-hash=\"open-modal2\" data-x-toggle-overlay=\"1\" aria-controls=\"e89-e92-off-canvas\" aria-expanded=\"false\" aria-haspopup=\"true\" aria-label=\"Toggle Off Canvas Content\"><div class=\"x-anchor-content\"><span class=\"x-graphic\" aria-hidden=\"true\"><i class=\"x-icon x-graphic-child x-graphic-icon x-graphic-primary\" aria-hidden=\"true\" data-x-icon-o=\"&#x2b;\"><\/i><\/span><\/div><\/div><\/div><\/div><div class=\"x-col e89-e97 m2h-1k m2h-1l m2h-1m m2h-1n\"><a class=\"x-image e89-e98 m2h-3i m2h-3k m2h-3 m2h-4\" data-x-effect=\"{&quot;durationBase&quot;:&quot;300ms&quot;}\" href=\"#open-modal3\"><img decoding=\"async\" src=\"https:\/\/hundspann.com\/wp-content\/uploads\/2022\/11\/D4540D0D-167F-43AF-948F-52A3F3E7E372-e1669209933746.jpeg\" width=\"396\" height=\"312\" alt=\"Image\" loading=\"lazy\"><\/a><div class=\"x-div e89-e99 m2h-3m m2h-3p m2h-3q m2h-3r m2h-3u m2h-3w\"><div class=\"x-div e89-e100 m2h-3m m2h-3n m2h-3o m2h-3p m2h-3q m2h-3r m2h-3t m2h-3u\"><div class=\"x-text x-content e89-e101 m2h-37 m2h-3a m2h-3g small-text\"><p>Dog-led guide<\/p><\/div><div class=\"x-text x-text-headline e89-e102 m2h-2k m2h-2m m2h-2q m2h-2z\"><div class=\"x-text-content\"><div class=\"x-text-content-text\"><h6 class=\"x-text-content-text-primary\">Ida Siltala<\/h6>\n<\/div><\/div><\/div><\/div><div class=\"x-anchor x-anchor-toggle has-graphic e89-e103 m2h-3z m2h-40\" tabindex=\"0\" role=\"button\" data-x-toggle=\"1\" data-x-toggleable=\"e89-e103\" data-x-toggle-hash=\"open-modal3\" data-x-toggle-overlay=\"1\" aria-controls=\"e89-e103-off-canvas\" aria-expanded=\"false\" aria-haspopup=\"true\" aria-label=\"Toggle Off Canvas Content\"><div class=\"x-anchor-content\"><span class=\"x-graphic\" aria-hidden=\"true\"><i class=\"x-icon x-graphic-child x-graphic-icon x-graphic-primary\" aria-hidden=\"true\" data-x-icon-o=\"&#x2b;\"><\/i><\/span><\/div><\/div><\/div><\/div><div class=\"x-col e89-e108 m2h-1k m2h-1l m2h-1m m2h-1n\"><a class=\"x-image e89-e109 m2h-3i m2h-3k m2h-3 m2h-4\" data-x-effect=\"{&quot;durationBase&quot;:&quot;300ms&quot;}\" href=\"#open-modal4\"><img decoding=\"async\" src=\"https:\/\/hundspann.com\/wp-content\/uploads\/2020\/08\/46E7E512-90B7-4E54-BE98-887C50DCDCB5.jpg\" width=\"640\" height=\"640\" alt=\"Image\" loading=\"lazy\"><\/a><div class=\"x-div e89-e110 m2h-3m m2h-3p m2h-3q m2h-3r m2h-3u m2h-3w\"><div class=\"x-div e89-e111 m2h-3m m2h-3n m2h-3o m2h-3p m2h-3q m2h-3r m2h-3t m2h-3u\"><div class=\"x-text x-content e89-e112 m2h-37 m2h-3a m2h-3g small-text\"><p>Dogsled guide, Raceteam trainer<\/p><\/div><div class=\"x-text x-text-headline e89-e113 m2h-2k m2h-2m m2h-2q m2h-2z\"><div class=\"x-text-content\"><div class=\"x-text-content-text\"><h6 class=\"x-text-content-text-primary\">Saskia Sahlin<\/h6>\n<\/div><\/div><\/div><\/div><div class=\"x-anchor x-anchor-toggle has-graphic e89-e114 m2h-3z m2h-40\" tabindex=\"0\" role=\"button\" data-x-toggle=\"1\" data-x-toggleable=\"e89-e114\" data-x-toggle-hash=\"open-modal4\" data-x-toggle-overlay=\"1\" aria-controls=\"e89-e114-off-canvas\" aria-expanded=\"false\" aria-haspopup=\"true\" aria-label=\"Toggle Off Canvas Content\"><div class=\"x-anchor-content\"><span class=\"x-graphic\" aria-hidden=\"true\"><i class=\"x-icon x-graphic-child x-graphic-icon x-graphic-primary\" aria-hidden=\"true\" data-x-icon-o=\"&#x2b;\"><\/i><\/span><\/div><\/div><\/div><\/div><div class=\"x-col e89-e119 m2h-1k m2h-1l m2h-1m m2h-1n\"><a class=\"x-image e89-e120 m2h-3i m2h-3k m2h-3l m2h-3 m2h-4\" data-x-effect=\"{&quot;durationBase&quot;:&quot;300ms&quot;}\" href=\"#open-modal5\"><img decoding=\"async\" src=\"https:\/\/hundspann.com\/wp-content\/uploads\/2016\/06\/bkpam295000_img_0185_3-e1466000624165.jpg\" width=\"125\" height=\"166\" alt=\"Image\" loading=\"lazy\"><\/a><div class=\"x-div e89-e121 m2h-3m m2h-3p m2h-3q m2h-3r m2h-3u m2h-3w\"><div class=\"x-div e89-e122 m2h-3m m2h-3n m2h-3o m2h-3p m2h-3q m2h-3r m2h-3t m2h-3u\"><div class=\"x-text x-content e89-e123 m2h-37 m2h-3a m2h-3g small-text\"><p>Dog trail\/Mountain guide<\/p><\/div><div class=\"x-text x-text-headline e89-e124 m2h-2k m2h-2m m2h-2q m2h-2z\"><div class=\"x-text-content\"><div class=\"x-text-content-text\"><h6 class=\"x-text-content-text-primary\">Sandra Abrahamsson<\/h6>\n<\/div><\/div><\/div><\/div><div class=\"x-anchor x-anchor-toggle has-graphic e89-e125 m2h-3z m2h-40\" tabindex=\"0\" role=\"button\" data-x-toggle=\"1\" data-x-toggleable=\"e89-e125\" data-x-toggle-hash=\"open-modal5\" data-x-toggle-overlay=\"1\" aria-controls=\"e89-e125-off-canvas\" aria-expanded=\"false\" aria-haspopup=\"true\" aria-label=\"Toggle Off Canvas Content\"><div class=\"x-anchor-content\"><span class=\"x-graphic\" aria-hidden=\"true\"><i class=\"x-icon x-graphic-child x-graphic-icon x-graphic-primary\" aria-hidden=\"true\" data-x-icon-o=\"&#x2b;\"><\/i><\/span><\/div><\/div><\/div><\/div><\/div><\/div><\/div><\/div><\/div><\/div><\/div>","protected":false},"excerpt":{"rendered":"<p>An adventure company with roots in Lapland About Peakpoints AdventuresPeakpoints is an adventure company that started in Storuman, Lapland in 1988. It actually started as a sled dog kennel with dog sledding competitions as its focus. The competition business was successful with victories in both Swedish and Nordic championships. Overall victory in the Swedish Cup in middle distance and 5 victories in Vindel\u00e4lvsdraget are also merits we are proud of.Pioneer in dog sledding tourism in Sweden Peakpoints was a ... <\/p>\n<div><a href=\"https:\/\/hundspann.com\/en\/om-peakpoints\/\" class=\"more-link\">Read More<\/a><\/div>","protected":false},"author":1,"featured_media":0,"parent":0,"menu_order":0,"comment_status":"closed","ping_status":"closed","template":"template-blank-4.php","meta":{"footnotes":""},"class_list":["post-89","page","type-page","status-publish","hentry","no-post-thumbnail"],"jetpack_sharing_enabled":true,"_links":{"self":[{"href":"https:\/\/hundspann.com\/en\/wp-json\/wp\/v2\/pages\/89","targetHints":{"allow":["GET"]}}],"collection":[{"href":"https:\/\/hundspann.com\/en\/wp-json\/wp\/v2\/pages"}],"about":[{"href":"https:\/\/hundspann.com\/en\/wp-json\/wp\/v2\/types\/page"}],"author":[{"embeddable":true,"href":"https:\/\/hundspann.com\/en\/wp-json\/wp\/v2\/users\/1"}],"replies":[{"embeddable":true,"href":"https:\/\/hundspann.com\/en\/wp-json\/wp\/v2\/comments?post=89"}],"version-history":[{"count":102,"href":"https:\/\/hundspann.com\/en\/wp-json\/wp\/v2\/pages\/89\/revisions"}],"predecessor-version":[{"id":5053,"href":"https:\/\/hundspann.com\/en\/wp-json\/wp\/v2\/pages\/89\/revisions\/5053"}],"wp:attachment":[{"href":"https:\/\/hundspann.com\/en\/wp-json\/wp\/v2\/media?parent=89"}],"curies":[{"name":"wp","href":"https:\/\/api.w.org\/{rel}","templated":true}]}}